{"id":99,"date":"2019-09-10T21:25:39","date_gmt":"2019-09-10T21:25:39","guid":{"rendered":"https:\/\/primaria-negruvoda.ro\/?page_id=99"},"modified":"2023-02-28T10:18:03","modified_gmt":"2023-02-28T08:18:03","slug":"hp","status":"publish","type":"page","link":"https:\/\/primaria-negruvoda.ro\/","title":{"rendered":"Pagina principala"},"content":{"rendered":"<div id=\"gutenslider-s50x64wum\" class=\"wp-block-eedee-block-gutenslider content-change alignfull arrow-style-1 arrow-position-sides arrow-mb-none arrows-lg arrows-md arrows-sm dot-style-1 dots-lg dots-md dots-sm dot-position-bottom is-position-center-center mb-none\" style=\"--gutenslider-min-height: 70vh;--gutenslider-arrow-size: 69px;--gutenslider-dot-size: 15px;--gutenslider-arrow-color: #ffffff;--gutenslider-dot-color: #ffffff;--gutenslider-padding-y-mobile: 40px;--gutenslider-padding-x-mobile: 0px;--gutenslider-padding-y-tablet: 0px;--gutenslider-padding-x-tablet: 0px;--gutenslider-padding-y-desktop: 0px;--gutenslider-padding-x-desktop: 0px;--gutenslider-bg-image: url(https:\/\/primaria-negruvoda.ro\/wp-content\/uploads\/2020\/03\/9-300x169.jpg);--gutenslider-min-height-md: 50vh;--gutenslider-min-height-sm: 50vh;--gutenslider-padding-x: 40px;--gutenslider-padding-x-md: 40px;--gutenslider-padding-x-sm: 20px;--gutenslider-padding-y: 40px;--gutenslider-padding-y-md: 40px;--gutenslider-padding-y-sm: 20px;--gutenslider-arrow-size-md: 30px;--gutenslider-arrow-size-sm: 30px;--gutenslider-dot-size-md: 25px;--gutenslider-dot-size-sm: 25px;--gutenslider-arrow-bg-color: transparent;--gutenslider-arrow-hover-color: #eeeeee;--gutenslider-arrow-bg-hover-color: transparent;--gutenslider-arrow-x-offset: 10px;--gutenslider-arrow-x-offset-md: 10px;--gutenslider-arrow-x-offset-sm: 10px;--gutenslider-arrow-y-offset: 0px;--gutenslider-arrow-y-offset-md: 0px;--gutenslider-arrow-y-offset-sm: 0px;--gutenslider-arrow-x-spacing: 0px;--gutenslider-dot-y-offset: 10px;--gutenslider-dot-y-offset-md: 10px;--gutenslider-dot-y-offset-sm: 10px;--gutenslider-margin-x: 0px;--gutenslider-margin-x-md: 0px;--gutenslider-margin-x-sm: 0px;--gutenslider-margin-y: 0px;--gutenslider-margin-y-md: 0px;--gutenslider-margin-y-sm: 0px;--gutenslider-divider-top: 60px;--gutenslider-divider-bottom: 60px;--gutenslider-lightgallery-bg: #ffffff;--gutenslider-lightgallery-font: #000000;\" data-parallax-direction=\"down\" data-parallax-amount=\"1.3\" data-lg-transition=\"lg-slide\" data-hash=\"\"><div class=\"eedee-swiper-outer\"><div class=\"gutenslider-divider-top\" style=\"color:#fff; height:60px;\"><\/div><div class=\"swiper-container\" data-settings='{\"autoplay\":{\"delay\":3000,\"pauseOnMouseEnter\":true,\"disableOnInteraction\":false},\"speed\":700,\"direction\":\"horizontal\",\"autoHeight\":\"\",\"loop\":true,\"centeredSlides\":true,\"spaceBetween\":0,\"slidesPerView\":1,\"slidesPerGroup\":1,\"effect\":\"slide\",\"coverflowEffect\":{\"rotate\":30,\"slideShadows\":false,\"depth\":100,\"stretch\":50,\"modifier\":1},\"fadeEffect\":{\"crossFade\":true},\"zoom\":\"\",\"navigation\":{\"nextEl\":\"#gutenslider-s50x64wum .eedee-gutenslider-next\",\"prevEl\":\"#gutenslider-s50x64wum .eedee-gutenslider-prev\"},\"pagination\":{\"type\":\"bullets\",\"clickable\":true,\"dynamicBullets\":false,\"el\":\"#gutenslider-s50x64wum .eedee-gutenslider-pagination\"},\"pauseOnHover\":\"1\",\"watchSlidesProgress\":true,\"watchSlidesVisibility\":true,\"settingsMd\":{\"autoHeight\":\"\",\"slidesPerView\":1,\"slidesPerGroup\":1,\"spaceBetween\":0},\"settingsLg\":{\"autoHeight\":\"\",\"slidesPerView\":1,\"slidesPerGroup\":1,\"spaceBetween\":0},\"hasLg\":false,\"hasLgCounter\":true,\"lgTitle\":\"none\",\"lgCaption\":\"none\",\"lgThumbnails\":true,\"keyboard\":{\"keyboard\":{\"enabled\":true,\"onlyInViewport\":true}},\"hashNavigation\":false}'><div class=\"swiper-wrapper\">\n<div class=\"swiper-slide wp-block-eedee-block-gutenslide is-position-center-center ed-bg-image\" style=\"\" data-hash=\"\"><div class=\"eedee-background-div bg-image\"><img loading=\"lazy\" width=\"2560\" height=\"1707\" class=\"swiper-lazy wp-image-4966\" src=\"https:\/\/primaria-negruvoda.ro\/wp-content\/uploads\/2023\/02\/countryside-field-sunny-day-countryside-scaled.jpg\" alt=\"\" style=\"object-fit: cover; object-position: 50% 50%;\"  data-caption=\"morning day in the countryside, green field\" data-title=\"countryside field, sunny day in the countryside\" srcset=\"https:\/\/primaria-negruvoda.ro\/wp-content\/uploads\/2023\/02\/countryside-field-sunny-day-countryside-scaled.jpg 2560w, https:\/\/primaria-negruvoda.ro\/wp-content\/uploads\/2023\/02\/countryside-field-sunny-day-countryside-300x200.jpg 300w, https:\/\/primaria-negruvoda.ro\/wp-content\/uploads\/2023\/02\/countryside-field-sunny-day-countryside-1024x683.jpg 1024w, https:\/\/primaria-negruvoda.ro\/wp-content\/uploads\/2023\/02\/countryside-field-sunny-day-countryside-768x512.jpg 768w, https:\/\/primaria-negruvoda.ro\/wp-content\/uploads\/2023\/02\/countryside-field-sunny-day-countryside-1600x1067.jpg 1600w, https:\/\/primaria-negruvoda.ro\/wp-content\/uploads\/2023\/02\/countryside-field-sunny-day-countryside-1536x1024.jpg 1536w, https:\/\/primaria-negruvoda.ro\/wp-content\/uploads\/2023\/02\/countryside-field-sunny-day-countryside-2048x1365.jpg 2048w, https:\/\/primaria-negruvoda.ro\/wp-content\/uploads\/2023\/02\/countryside-field-sunny-day-countryside-600x400.jpg 600w, https:\/\/primaria-negruvoda.ro\/wp-content\/uploads\/2023\/02\/countryside-field-sunny-day-countryside-938x625.jpg 938w, https:\/\/primaria-negruvoda.ro\/wp-content\/uploads\/2023\/02\/countryside-field-sunny-day-countryside-1130x753.jpg 1130w\" sizes=\"(max-width: 2560px) 100vw, 2560px\" \/><div class=\"eedee-background-div__overlay\" style=\"opacity:1;\"><\/div><\/div><div class=\"slide-content\">\n\n<p class=\"has-text-align-center gutenslider-content-initial has-larger-font-size\"><\/p>\n\n<\/div><\/div>\n\n<div class=\"swiper-slide wp-block-eedee-block-gutenslide is-position-center-center ed-bg-image\" style=\"\" data-hash=\"\"><div class=\"eedee-background-div bg-image\"><img loading=\"lazy\" width=\"2560\" height=\"1543\" class=\"swiper-lazy wp-image-4962\" src=\"https:\/\/primaria-negruvoda.ro\/wp-content\/uploads\/2023\/02\/sunny-meadow-landscape-scaled.jpg\" alt=\"\" style=\"object-fit: cover; object-position: 50% 50%;\"  data-caption=\"Sunset, sunrise, sun over rural countryside wheat field. Late spring, early summer\" data-title=\"Sunset, sunrise, sun over rural countryside wheat field. Late spring, early summer\" srcset=\"https:\/\/primaria-negruvoda.ro\/wp-content\/uploads\/2023\/02\/sunny-meadow-landscape-scaled.jpg 2560w, https:\/\/primaria-negruvoda.ro\/wp-content\/uploads\/2023\/02\/sunny-meadow-landscape-300x181.jpg 300w, https:\/\/primaria-negruvoda.ro\/wp-content\/uploads\/2023\/02\/sunny-meadow-landscape-1024x617.jpg 1024w, https:\/\/primaria-negruvoda.ro\/wp-content\/uploads\/2023\/02\/sunny-meadow-landscape-768x463.jpg 768w, https:\/\/primaria-negruvoda.ro\/wp-content\/uploads\/2023\/02\/sunny-meadow-landscape-1600x964.jpg 1600w, https:\/\/primaria-negruvoda.ro\/wp-content\/uploads\/2023\/02\/sunny-meadow-landscape-1536x926.jpg 1536w, https:\/\/primaria-negruvoda.ro\/wp-content\/uploads\/2023\/02\/sunny-meadow-landscape-2048x1234.jpg 2048w, https:\/\/primaria-negruvoda.ro\/wp-content\/uploads\/2023\/02\/sunny-meadow-landscape-938x565.jpg 938w, https:\/\/primaria-negruvoda.ro\/wp-content\/uploads\/2023\/02\/sunny-meadow-landscape-1130x681.jpg 1130w\" sizes=\"(max-width: 2560px) 100vw, 2560px\" \/><div class=\"eedee-background-div__overlay\" style=\"opacity:1;\"><\/div><\/div><div class=\"slide-content\">\n\n<p class=\"has-text-align-center gutenslider-content-initial has-larger-font-size\"><\/p>\n\n<\/div><\/div>\n<\/div><\/div><button class=\"eedee-gutenslider-nav eedee-gutenslider-prev\"><svg xmlns=\"http:\/\/www.w3.org\/2000\/svg\" viewBox=\"0 0 24 24\" width=\"24\" height=\"24\"><circle class=\"bg\" cx=\"13\" cy=\"12\" r=\"11\" \/><path fill=\"none\" d=\"M0 0h24v24H0z\"\/><path class=\"arrow\" d=\"M10.828 12l4.95 4.95-1.414 1.414L8 12l6.364-6.364 1.414 1.414z\"\/><\/svg><\/button><button class=\"eedee-gutenslider-nav eedee-gutenslider-next\"><svg xmlns=\"http:\/\/www.w3.org\/2000\/svg\" viewBox=\"0 0 24 24\" width=\"24\" height=\"24\"><circle class=\"bg\" cx=\"11\" cy=\"12\" r=\"11\" \/><path fill=\"none\" d=\"M0 0h24v24H0z\"\/><path class=\"arrow\" d=\"M13.172 12l-4.95-4.95 1.414-1.414L16 12l-6.364 6.364-1.414-1.414z\"\/><\/svg><\/button><div class=\"eedee-gutenslider-pagination\"><\/div><\/div><div class=\"gutenslider-divider-bottom \" style=\"color:#fff; height:60px;\"><\/div><\/div>\n\n\n<div style=\"padding-left:5%;padding-right:5%;padding-top:0.5%\" class=\"wp-block-atomic-blocks-ab-container ab-layout-landing-3 ab-block-container alignfull\"><div class=\"ab-container-inside\"><div class=\"ab-container-content\" style=\"max-width:1000px\">\n<div style=\"color:#ddd\" class=\"wp-block-atomic-blocks-ab-spacer ab-block-spacer ab-divider-solid ab-spacer-divider ab-divider-size-1\"><hr style=\"height:29px\"\/><\/div>\n\n\n\n<div class=\"wp-block-atomic-blocks-ab-columns ab-layout-columns-2 ab-2-col-wideright\" style=\"padding-top:8%\"><div class=\"ab-layout-column-wrap ab-block-layout-column-gap-2 ab-is-responsive-column\">\n<div class=\"wp-block-atomic-blocks-ab-column ab-block-layout-column\"><div class=\"ab-block-layout-column-inner\">\n<h2>Cele mai noi informa\u021bii:<\/h2>\n<\/div><\/div>\n\n\n\n<div class=\"wp-block-atomic-blocks-ab-column ab-block-layout-column\"><div class=\"ab-block-layout-column-inner\"><section class=\"ab-block-post-grid featuredpost aligncenter\"><div class=\"ab-post-grid-items is-grid columns-2\"><article id=\"post-5464\" class=\"ab-post-grid-item post-5464 post type-post status-publish format-standard hentry category-fara-categorie\"><div class=\"ab-block-post-grid-text\"><header class=\"ab-block-post-grid-header\"><h3 class=\"ab-block-post-grid-title\"><a href=\"https:\/\/primaria-negruvoda.ro\/index.php\/2024\/04\/26\/5464\/\" rel=\"bookmark\">Untitled<\/a><\/h3><div class=\"ab-block-post-grid-byline\"><time datetime=\"2024-04-26T15:27:30+02:00\" class=\"ab-block-post-grid-date\" itemprop=\"datePublished\">26 aprilie 2024<\/time><\/div><\/header><div class=\"ab-block-post-grid-excerpt\"><p>Lista-candidati-AUR-din-26.04.2024Descarc\u0103<\/p>\n<p><a class=\"ab-block-post-grid-more-link ab-text-link\" href=\"https:\/\/primaria-negruvoda.ro\/index.php\/2024\/04\/26\/5464\/\" rel=\"bookmark\">Cite\u0219te mai departe <span class=\"screen-reader-text\">Untitled<\/span><\/a><\/p><\/div><\/div><\/article>\n<article id=\"post-5460\" class=\"ab-post-grid-item post-5460 post type-post status-publish format-standard hentry category-fara-categorie\"><div class=\"ab-block-post-grid-text\"><header class=\"ab-block-post-grid-header\"><h3 class=\"ab-block-post-grid-title\"><a href=\"https:\/\/primaria-negruvoda.ro\/index.php\/2024\/04\/26\/5460\/\" rel=\"bookmark\">Untitled<\/a><\/h3><div class=\"ab-block-post-grid-byline\"><time datetime=\"2024-04-26T15:22:51+02:00\" class=\"ab-block-post-grid-date\" itemprop=\"datePublished\">26 aprilie 2024<\/time><\/div><\/header><div class=\"ab-block-post-grid-excerpt\"><p>Lista-candidati-AUR-din-26.04.2024Descarc\u0103<\/p>\n<p><a class=\"ab-block-post-grid-more-link ab-text-link\" href=\"https:\/\/primaria-negruvoda.ro\/index.php\/2024\/04\/26\/5460\/\" rel=\"bookmark\">Cite\u0219te mai departe <span class=\"screen-reader-text\">Untitled<\/span><\/a><\/p><\/div><\/div><\/article>\n<article id=\"post-5172\" class=\"ab-post-grid-item post-5172 post type-post status-publish format-standard hentry category-fara-categorie\"><div class=\"ab-block-post-grid-text\"><header class=\"ab-block-post-grid-header\"><h3 class=\"ab-block-post-grid-title\"><a href=\"https:\/\/primaria-negruvoda.ro\/index.php\/2023\/07\/20\/5172\/\" rel=\"bookmark\">Untitled<\/a><\/h3><div class=\"ab-block-post-grid-byline\"><time datetime=\"2023-07-20T10:59:24+02:00\" class=\"ab-block-post-grid-date\" itemprop=\"datePublished\">20 iulie 2023<\/time><\/div><\/header><div class=\"ab-block-post-grid-excerpt\"><p>Anunt-promovare-in-clasa-1Descarc\u0103<\/p>\n<p><a class=\"ab-block-post-grid-more-link ab-text-link\" href=\"https:\/\/primaria-negruvoda.ro\/index.php\/2023\/07\/20\/5172\/\" rel=\"bookmark\">Cite\u0219te mai departe <span class=\"screen-reader-text\">Untitled<\/span><\/a><\/p><\/div><\/div><\/article>\n<article id=\"post-4863\" class=\"ab-post-grid-item post-4863 post type-post status-publish format-standard hentry category-de-interes-public category-fara-categorie\"><div class=\"ab-block-post-grid-text\"><header class=\"ab-block-post-grid-header\"><h3 class=\"ab-block-post-grid-title\"><a href=\"https:\/\/primaria-negruvoda.ro\/index.php\/2022\/11\/24\/anunturi-publice\/\" rel=\"bookmark\">Anun\u021buri publice<\/a><\/h3><div class=\"ab-block-post-grid-byline\"><time datetime=\"2022-11-24T09:46:04+02:00\" class=\"ab-block-post-grid-date\" itemprop=\"datePublished\">24 noiembrie 2022<\/time><\/div><\/header><div class=\"ab-block-post-grid-excerpt\"><p>Informare public\u0103 \u2013 Campanie de consulta\u021bii optometrice Prim\u0103ria ora\u0219ului Negru Vod\u0103 aduce la cuno\u0219tin\u021ba locuitorilor c\u0103 societatea S.C. OPTIC PRO&nbsp;MAS S.R.L. va organiza consulta\u021bii optometrice gratuite dup\u0103 urm\u0103torul program: Mar\u021bi, 14 octombrie 2025, \u00eentre orele 09:30 \u2013 13:00, la Clubul Pensionarilor din Ora\u0219ul Negru&nbsp;Vod\u0103;Miercuri, 15 octombrie 2025, \u00eentre orele 09:30 \u2013 13:00, la Gr\u0103dini\u021ba din&hellip;<\/p>\n<p><a class=\"ab-block-post-grid-more-link ab-text-link\" href=\"https:\/\/primaria-negruvoda.ro\/index.php\/2022\/11\/24\/anunturi-publice\/\" rel=\"bookmark\">Cite\u0219te mai departe <span class=\"screen-reader-text\">Anun\u021buri publice<\/span><\/a><\/p><\/div><\/div><\/article>\n<\/div><\/section><\/div><\/div>\n<\/div><\/div>\n\n\n\n<div style=\"color:#ddd\" class=\"wp-block-atomic-blocks-ab-spacer ab-block-spacer ab-divider-solid ab-spacer-divider ab-divider-size-1\"><hr style=\"height:30px\"\/><\/div>\n\n\n\n<div class=\"wp-block-atomic-blocks-ab-columns ab-layout-columns-2 ab-2-col-wideright\" style=\"padding-top:8%;padding-bottom:7%\"><div class=\"ab-layout-column-wrap ab-block-layout-column-gap-2 ab-is-responsive-column\">\n<div class=\"wp-block-atomic-blocks-ab-column ab-block-layout-column\"><div class=\"ab-block-layout-column-inner\">\n<h2>Monitorul oficial local:<\/h2>\n<\/div><\/div>\n\n\n\n<div class=\"wp-block-atomic-blocks-ab-column ab-block-layout-column\"><div class=\"ab-block-layout-column-inner\">\n<h4><a href=\"https:\/\/primaria-negruvoda.ro\/index.php\/2020\/04\/15\/statutul-unitatii-administrativ-teritoriale\/\">Statutul unit\u0103\u021bii administrativ-teritoriale<\/a><\/h4>\n\n\n\n<h4><a href=\"https:\/\/primaria-negruvoda.ro\/index.php\/2020\/04\/15\/regulamentele-privind-procedurile-administrative\/\">Regulamentele privind procedurile administrative<\/a><\/h4>\n\n\n\n<h4><a href=\"https:\/\/primaria-negruvoda.ro\/index.php\/2020\/04\/15\/hotararile-autoritatii-deliberative\/\">Hot\u0103r\u00e2rile autorit\u0103\u021bii deliberative<\/a><\/h4>\n\n\n\n<h4><a href=\"https:\/\/primaria-negruvoda.ro\/index.php\/2020\/04\/15\/dispozitiile-autoritatii-executive\/\">Dispozi\u021biile autorit\u0103\u021bii executive<\/a><\/h4>\n\n\n\n<h4><a href=\"https:\/\/primaria-negruvoda.ro\/index.php\/2020\/04\/15\/documente-si-informatii-financiare\/\">Documente \u0219i informa\u021bii financiare<\/a><\/h4>\n\n\n\n<h4><a href=\"https:\/\/primaria-negruvoda.ro\/index.php\/2020\/04\/15\/alte-documente\/\">Alte documente<\/a><\/h4>\n\n\n\n<p><\/p>\n<\/div><\/div>\n<\/div><\/div>\n\n\n\n<div style=\"color:#ddd\" class=\"wp-block-atomic-blocks-ab-spacer ab-block-spacer ab-divider-solid ab-spacer-divider ab-divider-size-1\"><hr style=\"height:30px\"\/><\/div>\n\n\n\n<div class=\"wp-block-atomic-blocks-ab-columns ab-layout-columns-2 ab-2-col-wideright\" style=\"padding-top:7%;padding-bottom:8%\"><div class=\"ab-layout-column-wrap ab-block-layout-column-gap-2 ab-is-responsive-column\">\n<div class=\"wp-block-atomic-blocks-ab-column ab-block-layout-column\"><div class=\"ab-block-layout-column-inner\">\n<h2>\u00centreb\u0103ri frecvente:<\/h2>\n<\/div><\/div>\n\n\n\n<div class=\"wp-block-atomic-blocks-ab-column ab-block-layout-column\"><div class=\"ab-block-layout-column-inner\">\n<div class=\"wp-block-atomic-blocks-ab-accordion ab-font-size-18 ab-block-accordion\"><details open><summary class=\"ab-accordion-title\">Unde se afl\u0103 ora\u0219ul Negru Vod\u0103<\/summary><div class=\"ab-accordion-text\">\n<p>Ora\u0219ul Negru Vod\u0103 este situat la sud de&nbsp;Podi\u0219ul Negru Vod\u0103&nbsp;din&nbsp;Dobrogea, la 6 kilometri de grani\u021ba cu&nbsp;Bulgaria. Ora\u0219ul de frontier\u0103 se afl\u0103 la 48 de kilometri de municipiul&nbsp;Constan\u021ba&nbsp;(10 km pe DN39 \u0219i 38 pe DN38) \u0219i la 33 de kilometri de municipiul&nbsp;Mangalia.<\/p>\n<\/div><\/details><\/div>\n\n\n\n<div class=\"wp-block-atomic-blocks-ab-accordion ab-font-size-18 ab-block-accordion\"><details><summary class=\"ab-accordion-title\">\u00cen ce an a fost fondat\u0103 localitatea Negru Vod\u0103<\/summary><div class=\"ab-accordion-text\">\n<p> Localitatea&nbsp;Negru Vod\u0103 a fost fondata \u00een anul 1715 sub denumirea de <em>Kara\u00f6mer<\/em> \u00een cadrul Imperiului Otoman.  \u00cen urma&nbsp;R\u0103zboiului Ruso-Turc din 1877-1878, localitatea a devenit teritoriu rom\u00e2nesc.<\/p>\n<\/div><\/details><\/div>\n\n\n\n<div class=\"wp-block-atomic-blocks-ab-accordion ab-font-size-18 ab-block-accordion\"><details><summary class=\"ab-accordion-title\">Ce atrac\u021bii turistice se g\u0103sesc \u00een localitatea Negru Vod\u0103?<\/summary><div class=\"ab-accordion-text\">\n<ul><li>P\u0103durea Negru Vod\u0103 (50 ha) de la marginea ora\u0219ului, declarat\u0103 rezerva\u021bie cinegetic\u0103<\/li><li>Lacul carstic G\u00e2ld\u0103u (doar prim\u0103vara, \u00een func\u021bie de precipita\u021bii)<\/li><li>Geamia Kara Omer&nbsp;din localitate care dateaz\u0103 din anul 1867<\/li><li>Rezerva\u021bia natural\u0103&nbsp;P\u0103durea Hagieni, aflat\u0103 la aproximativ 15 kilometri dep\u0103rtare.<\/li><\/ul>\n\n\n\n<p>Urm\u0103toarele trei situri aflate pe raza localit\u0103\u021bii sunt \u00eenscrise \u00een Patrimoniul cultural na\u021bional al Rom\u00e2niei, conform&nbsp;Ministerul Culturii, Cultelor \u0219i Patrimoniului Na\u021bional:<\/p>\n\n\n\n<ul><li>Situl arheologic de la Negru Vod\u0103, aflat la marginea b\u0103l\u021bii din nordul localit\u0103\u021bii.<\/li><li>A\u0219ezare din sec. X, epoca medieval timpurie, aflat\u0103 la marginea b\u0103l\u021bii din nordul localit\u0103\u021bii.<\/li><li>Ansamblu tumuli din epoca antic\u0103, afla\u021bi la marginea b\u0103l\u021bii din nordul localit\u0103\u021bii.<\/li><\/ul>\n\n\n\n<p><\/p>\n<\/div><\/details><\/div>\n<\/div><\/div>\n<\/div><\/div>\n<\/div><\/div><\/div>\n","protected":false},"excerpt":{"rendered":"","protected":false},"author":1,"featured_media":0,"parent":0,"menu_order":0,"comment_status":"closed","ping_status":"closed","template":"template-front-page.php","meta":{"pgc_sgb_lightbox_settings":""},"yoast_head":"<!-- This site is optimized with the Yoast SEO plugin v17.9 - https:\/\/yoast.com\/wordpress\/plugins\/seo\/ -->\n<title>Pagina principala - Prim\u0103ria Ora\u015fului Negru Vod\u0103<\/title>\n<meta name=\"robots\" content=\"index, follow, max-snippet:-1, max-image-preview:large, max-video-preview:-1\" \/>\n<link rel=\"canonical\" href=\"https:\/\/primaria-negruvoda.ro\/\" \/>\n<meta property=\"og:locale\" content=\"ro_RO\" \/>\n<meta property=\"og:type\" content=\"article\" \/>\n<meta property=\"og:title\" content=\"Pagina principala - Prim\u0103ria Ora\u015fului Negru Vod\u0103\" \/>\n<meta property=\"og:url\" content=\"https:\/\/primaria-negruvoda.ro\/\" \/>\n<meta property=\"og:site_name\" content=\"Prim\u0103ria Ora\u015fului Negru Vod\u0103\" \/>\n<meta property=\"article:modified_time\" content=\"2023-02-28T08:18:03+00:00\" \/>\n<meta name=\"twitter:card\" content=\"summary_large_image\" \/>\n<meta name=\"twitter:label1\" content=\"Timp estimat pentru citire\" \/>\n\t<meta name=\"twitter:data1\" content=\"2 minute\" \/>\n<script type=\"application\/ld+json\" class=\"yoast-schema-graph\">{\"@context\":\"https:\/\/schema.org\",\"@graph\":[{\"@type\":\"Organization\",\"@id\":\"https:\/\/primaria-negruvoda.ro\/#organization\",\"name\":\"Prim\\u0103ria Negru Vod\\u0103\",\"url\":\"https:\/\/primaria-negruvoda.ro\/\",\"sameAs\":[],\"logo\":{\"@type\":\"ImageObject\",\"@id\":\"https:\/\/primaria-negruvoda.ro\/#logo\",\"inLanguage\":\"ro-RO\",\"url\":\"https:\/\/primaria-negruvoda.ro\/wp-content\/uploads\/2019\/09\/NV-emblema.png\",\"contentUrl\":\"https:\/\/primaria-negruvoda.ro\/wp-content\/uploads\/2019\/09\/NV-emblema.png\",\"width\":61,\"height\":90,\"caption\":\"Prim\\u0103ria Negru Vod\\u0103\"},\"image\":{\"@id\":\"https:\/\/primaria-negruvoda.ro\/#logo\"}},{\"@type\":\"WebSite\",\"@id\":\"https:\/\/primaria-negruvoda.ro\/#website\",\"url\":\"https:\/\/primaria-negruvoda.ro\/\",\"name\":\"Prim\\u0103ria Negru Vod\\u0103\",\"description\":\"Situl oficial al Prim\\u0103riei Negru Vod\\u0103\",\"publisher\":{\"@id\":\"https:\/\/primaria-negruvoda.ro\/#organization\"},\"potentialAction\":[{\"@type\":\"SearchAction\",\"target\":{\"@type\":\"EntryPoint\",\"urlTemplate\":\"https:\/\/primaria-negruvoda.ro\/?s={search_term_string}\"},\"query-input\":\"required name=search_term_string\"}],\"inLanguage\":\"ro-RO\"},{\"@type\":\"WebPage\",\"@id\":\"https:\/\/primaria-negruvoda.ro\/#webpage\",\"url\":\"https:\/\/primaria-negruvoda.ro\/\",\"name\":\"Pagina principala - Prim\\u0103ria Ora\\u015fului Negru Vod\\u0103\",\"isPartOf\":{\"@id\":\"https:\/\/primaria-negruvoda.ro\/#website\"},\"datePublished\":\"2019-09-10T21:25:39+00:00\",\"dateModified\":\"2023-02-28T08:18:03+00:00\",\"breadcrumb\":{\"@id\":\"https:\/\/primaria-negruvoda.ro\/#breadcrumb\"},\"inLanguage\":\"ro-RO\",\"potentialAction\":[{\"@type\":\"ReadAction\",\"target\":[\"https:\/\/primaria-negruvoda.ro\/\"]}]},{\"@type\":\"BreadcrumbList\",\"@id\":\"https:\/\/primaria-negruvoda.ro\/#breadcrumb\",\"itemListElement\":[{\"@type\":\"ListItem\",\"position\":1,\"name\":\"Prima pagin\\u0103\",\"item\":\"https:\/\/primaria-negruvoda.ro\/\"},{\"@type\":\"ListItem\",\"position\":2,\"name\":\"Pagina principala\"}]}]}<\/script>\n<!-- \/ Yoast SEO plugin. -->","yoast_head_json":{"title":"Pagina principala - Prim\u0103ria Ora\u015fului Negru Vod\u0103","robots":{"index":"index","follow":"follow","max-snippet":"max-snippet:-1","max-image-preview":"max-image-preview:large","max-video-preview":"max-video-preview:-1"},"canonical":"https:\/\/primaria-negruvoda.ro\/","og_locale":"ro_RO","og_type":"article","og_title":"Pagina principala - Prim\u0103ria Ora\u015fului Negru Vod\u0103","og_url":"https:\/\/primaria-negruvoda.ro\/","og_site_name":"Prim\u0103ria Ora\u015fului Negru Vod\u0103","article_modified_time":"2023-02-28T08:18:03+00:00","twitter_card":"summary_large_image","twitter_misc":{"Timp estimat pentru citire":"2 minute"},"schema":{"@context":"https:\/\/schema.org","@graph":[{"@type":"Organization","@id":"https:\/\/primaria-negruvoda.ro\/#organization","name":"Prim\u0103ria Negru Vod\u0103","url":"https:\/\/primaria-negruvoda.ro\/","sameAs":[],"logo":{"@type":"ImageObject","@id":"https:\/\/primaria-negruvoda.ro\/#logo","inLanguage":"ro-RO","url":"https:\/\/primaria-negruvoda.ro\/wp-content\/uploads\/2019\/09\/NV-emblema.png","contentUrl":"https:\/\/primaria-negruvoda.ro\/wp-content\/uploads\/2019\/09\/NV-emblema.png","width":61,"height":90,"caption":"Prim\u0103ria Negru Vod\u0103"},"image":{"@id":"https:\/\/primaria-negruvoda.ro\/#logo"}},{"@type":"WebSite","@id":"https:\/\/primaria-negruvoda.ro\/#website","url":"https:\/\/primaria-negruvoda.ro\/","name":"Prim\u0103ria Negru Vod\u0103","description":"Situl oficial al Prim\u0103riei Negru Vod\u0103","publisher":{"@id":"https:\/\/primaria-negruvoda.ro\/#organization"},"potentialAction":[{"@type":"SearchAction","target":{"@type":"EntryPoint","urlTemplate":"https:\/\/primaria-negruvoda.ro\/?s={search_term_string}"},"query-input":"required name=search_term_string"}],"inLanguage":"ro-RO"},{"@type":"WebPage","@id":"https:\/\/primaria-negruvoda.ro\/#webpage","url":"https:\/\/primaria-negruvoda.ro\/","name":"Pagina principala - Prim\u0103ria Ora\u015fului Negru Vod\u0103","isPartOf":{"@id":"https:\/\/primaria-negruvoda.ro\/#website"},"datePublished":"2019-09-10T21:25:39+00:00","dateModified":"2023-02-28T08:18:03+00:00","breadcrumb":{"@id":"https:\/\/primaria-negruvoda.ro\/#breadcrumb"},"inLanguage":"ro-RO","potentialAction":[{"@type":"ReadAction","target":["https:\/\/primaria-negruvoda.ro\/"]}]},{"@type":"BreadcrumbList","@id":"https:\/\/primaria-negruvoda.ro\/#breadcrumb","itemListElement":[{"@type":"ListItem","position":1,"name":"Prima pagin\u0103","item":"https:\/\/primaria-negruvoda.ro\/"},{"@type":"ListItem","position":2,"name":"Pagina principala"}]}]}},"featured_image_src":null,"featured_image_src_square":null,"_links":{"self":[{"href":"https:\/\/primaria-negruvoda.ro\/index.php\/wp-json\/wp\/v2\/pages\/99"}],"collection":[{"href":"https:\/\/primaria-negruvoda.ro\/index.php\/wp-json\/wp\/v2\/pages"}],"about":[{"href":"https:\/\/primaria-negruvoda.ro\/index.php\/wp-json\/wp\/v2\/types\/page"}],"author":[{"embeddable":true,"href":"https:\/\/primaria-negruvoda.ro\/index.php\/wp-json\/wp\/v2\/users\/1"}],"replies":[{"embeddable":true,"href":"https:\/\/primaria-negruvoda.ro\/index.php\/wp-json\/wp\/v2\/comments?post=99"}],"version-history":[{"count":59,"href":"https:\/\/primaria-negruvoda.ro\/index.php\/wp-json\/wp\/v2\/pages\/99\/revisions"}],"predecessor-version":[{"id":6251,"href":"https:\/\/primaria-negruvoda.ro\/index.php\/wp-json\/wp\/v2\/pages\/99\/revisions\/6251"}],"wp:attachment":[{"href":"https:\/\/primaria-negruvoda.ro\/index.php\/wp-json\/wp\/v2\/media?parent=99"}],"curies":[{"name":"wp","href":"https:\/\/api.w.org\/{rel}","templated":true}]}}