{"id":5953,"date":"2025-04-17T13:37:54","date_gmt":"2025-04-17T11:37:54","guid":{"rendered":"https:\/\/primaria-negruvoda.ro\/?page_id=5953"},"modified":"2025-04-17T13:38:38","modified_gmt":"2025-04-17T11:38:38","slug":"proiecte-in-implementare","status":"publish","type":"page","link":"https:\/\/primaria-negruvoda.ro\/index.php\/proiecte\/programul-regional-sud-est-2021-2027\/proiecte-in-implementare\/","title":{"rendered":"Proiecte \u00een implementare"},"content":{"rendered":"\n<p>UAT Ora\u0219 Negru Vod\u0103 implementeaz\u0103 dou\u0103 proiecte etapizate \u00een cadrul Programului Regional Sud-Est 2021\u20132027, dup\u0103 cum urmeaz\u0103:<\/p>\n\n\n\n<p><strong>Proiectul 1:<\/strong> \u00cembun\u0103t\u0103\u021birea serviciilor sociale \u0219i a spa\u021biilor publice urbane pentru popula\u021bia Ora\u0219ului Negru Vod\u0103 (cod SMIS 329616)<\/p>\n\n\n\n<ul><li>Etapizat: continuare a unui proiect anterior finan\u021bat.<\/li><li>Se vor eviden\u021bia obiectivele specifice, etapele de implementare, stadiul \u0219i rezultatele a\u0219teptate.<\/li><\/ul>\n\n\n\n<p><strong>Proiectul 2:<\/strong> \u00cembun\u0103t\u0103\u021birea infrastructurii cultural-recreative \u0219i a spa\u021biilor publice urbane pentru popula\u021bia ora\u0219ului Negru Vod\u0103 (cod SMIS 329636)<\/p>\n\n\n\n<ul><li>Etapizat: continuare a unui proiect anterior.<\/li><li>Structura de prezentare similar\u0103: obiective, etape, activit\u0103\u021bi, stadiu actual.<\/li><\/ul>\n","protected":false},"excerpt":{"rendered":"<p>UAT Ora\u0219 Negru Vod\u0103 implementeaz\u0103 dou\u0103 proiecte etapizate \u00een cadrul Programului Regional Sud-Est 2021\u20132027, dup\u0103 cum urmeaz\u0103: Proiectul 1: \u00cembun\u0103t\u0103\u021birea serviciilor sociale \u0219i a spa\u021biilor [&hellip;]<\/p>\n","protected":false},"author":1,"featured_media":0,"parent":5944,"menu_order":1,"comment_status":"closed","ping_status":"closed","template":"","meta":{"pgc_sgb_lightbox_settings":""},"yoast_head":"<!-- This site is optimized with the Yoast SEO plugin v17.9 - https:\/\/yoast.com\/wordpress\/plugins\/seo\/ -->\n<title>Proiecte \u00een implementare - Prim\u0103ria Ora\u015fului Negru Vod\u0103<\/title>\n<meta name=\"robots\" content=\"index, follow, max-snippet:-1, max-image-preview:large, max-video-preview:-1\" \/>\n<link rel=\"canonical\" href=\"https:\/\/primaria-negruvoda.ro\/index.php\/proiecte\/programul-regional-sud-est-2021-2027\/proiecte-in-implementare\/\" \/>\n<meta property=\"og:locale\" content=\"ro_RO\" \/>\n<meta property=\"og:type\" content=\"article\" \/>\n<meta property=\"og:title\" content=\"Proiecte \u00een implementare - Prim\u0103ria Ora\u015fului Negru Vod\u0103\" \/>\n<meta property=\"og:description\" content=\"UAT Ora\u0219 Negru Vod\u0103 implementeaz\u0103 dou\u0103 proiecte etapizate \u00een cadrul Programului Regional Sud-Est 2021\u20132027, dup\u0103 cum urmeaz\u0103: Proiectul 1: \u00cembun\u0103t\u0103\u021birea serviciilor sociale \u0219i a spa\u021biilor [&hellip;]\" \/>\n<meta property=\"og:url\" content=\"https:\/\/primaria-negruvoda.ro\/index.php\/proiecte\/programul-regional-sud-est-2021-2027\/proiecte-in-implementare\/\" \/>\n<meta property=\"og:site_name\" content=\"Prim\u0103ria Ora\u015fului Negru Vod\u0103\" \/>\n<meta property=\"article:modified_time\" content=\"2025-04-17T11:38:38+00:00\" \/>\n<meta name=\"twitter:card\" content=\"summary_large_image\" \/>\n<meta name=\"twitter:label1\" content=\"Timp estimat pentru citire\" \/>\n\t<meta name=\"twitter:data1\" content=\"1 minut\" \/>\n<script type=\"application\/ld+json\" class=\"yoast-schema-graph\">{\"@context\":\"https:\/\/schema.org\",\"@graph\":[{\"@type\":\"Organization\",\"@id\":\"https:\/\/primaria-negruvoda.ro\/#organization\",\"name\":\"Prim\\u0103ria Negru Vod\\u0103\",\"url\":\"https:\/\/primaria-negruvoda.ro\/\",\"sameAs\":[],\"logo\":{\"@type\":\"ImageObject\",\"@id\":\"https:\/\/primaria-negruvoda.ro\/#logo\",\"inLanguage\":\"ro-RO\",\"url\":\"https:\/\/primaria-negruvoda.ro\/wp-content\/uploads\/2019\/09\/NV-emblema.png\",\"contentUrl\":\"https:\/\/primaria-negruvoda.ro\/wp-content\/uploads\/2019\/09\/NV-emblema.png\",\"width\":61,\"height\":90,\"caption\":\"Prim\\u0103ria Negru Vod\\u0103\"},\"image\":{\"@id\":\"https:\/\/primaria-negruvoda.ro\/#logo\"}},{\"@type\":\"WebSite\",\"@id\":\"https:\/\/primaria-negruvoda.ro\/#website\",\"url\":\"https:\/\/primaria-negruvoda.ro\/\",\"name\":\"Prim\\u0103ria Negru Vod\\u0103\",\"description\":\"Situl oficial al Prim\\u0103riei Negru Vod\\u0103\",\"publisher\":{\"@id\":\"https:\/\/primaria-negruvoda.ro\/#organization\"},\"potentialAction\":[{\"@type\":\"SearchAction\",\"target\":{\"@type\":\"EntryPoint\",\"urlTemplate\":\"https:\/\/primaria-negruvoda.ro\/?s={search_term_string}\"},\"query-input\":\"required name=search_term_string\"}],\"inLanguage\":\"ro-RO\"},{\"@type\":\"WebPage\",\"@id\":\"https:\/\/primaria-negruvoda.ro\/index.php\/proiecte\/programul-regional-sud-est-2021-2027\/proiecte-in-implementare\/#webpage\",\"url\":\"https:\/\/primaria-negruvoda.ro\/index.php\/proiecte\/programul-regional-sud-est-2021-2027\/proiecte-in-implementare\/\",\"name\":\"Proiecte \\u00een implementare - Prim\\u0103ria Ora\\u015fului Negru Vod\\u0103\",\"isPartOf\":{\"@id\":\"https:\/\/primaria-negruvoda.ro\/#website\"},\"datePublished\":\"2025-04-17T11:37:54+00:00\",\"dateModified\":\"2025-04-17T11:38:38+00:00\",\"breadcrumb\":{\"@id\":\"https:\/\/primaria-negruvoda.ro\/index.php\/proiecte\/programul-regional-sud-est-2021-2027\/proiecte-in-implementare\/#breadcrumb\"},\"inLanguage\":\"ro-RO\",\"potentialAction\":[{\"@type\":\"ReadAction\",\"target\":[\"https:\/\/primaria-negruvoda.ro\/index.php\/proiecte\/programul-regional-sud-est-2021-2027\/proiecte-in-implementare\/\"]}]},{\"@type\":\"BreadcrumbList\",\"@id\":\"https:\/\/primaria-negruvoda.ro\/index.php\/proiecte\/programul-regional-sud-est-2021-2027\/proiecte-in-implementare\/#breadcrumb\",\"itemListElement\":[{\"@type\":\"ListItem\",\"position\":1,\"name\":\"Prima pagin\\u0103\",\"item\":\"https:\/\/primaria-negruvoda.ro\/\"},{\"@type\":\"ListItem\",\"position\":2,\"name\":\"Proiecte\",\"item\":\"https:\/\/primaria-negruvoda.ro\/index.php\/proiecte\/\"},{\"@type\":\"ListItem\",\"position\":3,\"name\":\"Programul Regional Sud Est 2021-2027\",\"item\":\"https:\/\/primaria-negruvoda.ro\/index.php\/proiecte\/programul-regional-sud-est-2021-2027\/\"},{\"@type\":\"ListItem\",\"position\":4,\"name\":\"Proiecte \\u00een implementare\"}]}]}<\/script>\n<!-- \/ Yoast SEO plugin. -->","yoast_head_json":{"title":"Proiecte \u00een implementare - Prim\u0103ria Ora\u015fului Negru Vod\u0103","robots":{"index":"index","follow":"follow","max-snippet":"max-snippet:-1","max-image-preview":"max-image-preview:large","max-video-preview":"max-video-preview:-1"},"canonical":"https:\/\/primaria-negruvoda.ro\/index.php\/proiecte\/programul-regional-sud-est-2021-2027\/proiecte-in-implementare\/","og_locale":"ro_RO","og_type":"article","og_title":"Proiecte \u00een implementare - Prim\u0103ria Ora\u015fului Negru Vod\u0103","og_description":"UAT Ora\u0219 Negru Vod\u0103 implementeaz\u0103 dou\u0103 proiecte etapizate \u00een cadrul Programului Regional Sud-Est 2021\u20132027, dup\u0103 cum urmeaz\u0103: Proiectul 1: \u00cembun\u0103t\u0103\u021birea serviciilor sociale \u0219i a spa\u021biilor [&hellip;]","og_url":"https:\/\/primaria-negruvoda.ro\/index.php\/proiecte\/programul-regional-sud-est-2021-2027\/proiecte-in-implementare\/","og_site_name":"Prim\u0103ria Ora\u015fului Negru Vod\u0103","article_modified_time":"2025-04-17T11:38:38+00:00","twitter_card":"summary_large_image","twitter_misc":{"Timp estimat pentru citire":"1 minut"},"schema":{"@context":"https:\/\/schema.org","@graph":[{"@type":"Organization","@id":"https:\/\/primaria-negruvoda.ro\/#organization","name":"Prim\u0103ria Negru Vod\u0103","url":"https:\/\/primaria-negruvoda.ro\/","sameAs":[],"logo":{"@type":"ImageObject","@id":"https:\/\/primaria-negruvoda.ro\/#logo","inLanguage":"ro-RO","url":"https:\/\/primaria-negruvoda.ro\/wp-content\/uploads\/2019\/09\/NV-emblema.png","contentUrl":"https:\/\/primaria-negruvoda.ro\/wp-content\/uploads\/2019\/09\/NV-emblema.png","width":61,"height":90,"caption":"Prim\u0103ria Negru Vod\u0103"},"image":{"@id":"https:\/\/primaria-negruvoda.ro\/#logo"}},{"@type":"WebSite","@id":"https:\/\/primaria-negruvoda.ro\/#website","url":"https:\/\/primaria-negruvoda.ro\/","name":"Prim\u0103ria Negru Vod\u0103","description":"Situl oficial al Prim\u0103riei Negru Vod\u0103","publisher":{"@id":"https:\/\/primaria-negruvoda.ro\/#organization"},"potentialAction":[{"@type":"SearchAction","target":{"@type":"EntryPoint","urlTemplate":"https:\/\/primaria-negruvoda.ro\/?s={search_term_string}"},"query-input":"required name=search_term_string"}],"inLanguage":"ro-RO"},{"@type":"WebPage","@id":"https:\/\/primaria-negruvoda.ro\/index.php\/proiecte\/programul-regional-sud-est-2021-2027\/proiecte-in-implementare\/#webpage","url":"https:\/\/primaria-negruvoda.ro\/index.php\/proiecte\/programul-regional-sud-est-2021-2027\/proiecte-in-implementare\/","name":"Proiecte \u00een implementare - Prim\u0103ria Ora\u015fului Negru Vod\u0103","isPartOf":{"@id":"https:\/\/primaria-negruvoda.ro\/#website"},"datePublished":"2025-04-17T11:37:54+00:00","dateModified":"2025-04-17T11:38:38+00:00","breadcrumb":{"@id":"https:\/\/primaria-negruvoda.ro\/index.php\/proiecte\/programul-regional-sud-est-2021-2027\/proiecte-in-implementare\/#breadcrumb"},"inLanguage":"ro-RO","potentialAction":[{"@type":"ReadAction","target":["https:\/\/primaria-negruvoda.ro\/index.php\/proiecte\/programul-regional-sud-est-2021-2027\/proiecte-in-implementare\/"]}]},{"@type":"BreadcrumbList","@id":"https:\/\/primaria-negruvoda.ro\/index.php\/proiecte\/programul-regional-sud-est-2021-2027\/proiecte-in-implementare\/#breadcrumb","itemListElement":[{"@type":"ListItem","position":1,"name":"Prima pagin\u0103","item":"https:\/\/primaria-negruvoda.ro\/"},{"@type":"ListItem","position":2,"name":"Proiecte","item":"https:\/\/primaria-negruvoda.ro\/index.php\/proiecte\/"},{"@type":"ListItem","position":3,"name":"Programul Regional Sud Est 2021-2027","item":"https:\/\/primaria-negruvoda.ro\/index.php\/proiecte\/programul-regional-sud-est-2021-2027\/"},{"@type":"ListItem","position":4,"name":"Proiecte \u00een implementare"}]}]}},"featured_image_src":null,"featured_image_src_square":null,"_links":{"self":[{"href":"https:\/\/primaria-negruvoda.ro\/index.php\/wp-json\/wp\/v2\/pages\/5953"}],"collection":[{"href":"https:\/\/primaria-negruvoda.ro\/index.php\/wp-json\/wp\/v2\/pages"}],"about":[{"href":"https:\/\/primaria-negruvoda.ro\/index.php\/wp-json\/wp\/v2\/types\/page"}],"author":[{"embeddable":true,"href":"https:\/\/primaria-negruvoda.ro\/index.php\/wp-json\/wp\/v2\/users\/1"}],"replies":[{"embeddable":true,"href":"https:\/\/primaria-negruvoda.ro\/index.php\/wp-json\/wp\/v2\/comments?post=5953"}],"version-history":[{"count":1,"href":"https:\/\/primaria-negruvoda.ro\/index.php\/wp-json\/wp\/v2\/pages\/5953\/revisions"}],"predecessor-version":[{"id":5954,"href":"https:\/\/primaria-negruvoda.ro\/index.php\/wp-json\/wp\/v2\/pages\/5953\/revisions\/5954"}],"up":[{"embeddable":true,"href":"https:\/\/primaria-negruvoda.ro\/index.php\/wp-json\/wp\/v2\/pages\/5944"}],"wp:attachment":[{"href":"https:\/\/primaria-negruvoda.ro\/index.php\/wp-json\/wp\/v2\/media?parent=5953"}],"curies":[{"name":"wp","href":"https:\/\/api.w.org\/{rel}","templated":true}]}}