{"id":5947,"date":"2025-04-17T13:31:34","date_gmt":"2025-04-17T11:31:34","guid":{"rendered":"https:\/\/primaria-negruvoda.ro\/?page_id=5947"},"modified":"2025-04-17T13:31:34","modified_gmt":"2025-04-17T11:31:34","slug":"introducere-generala","status":"publish","type":"page","link":"https:\/\/primaria-negruvoda.ro\/index.php\/proiecte\/programul-regional-sud-est-2021-2027\/introducere-generala\/","title":{"rendered":"Introducere general\u0103"},"content":{"rendered":"","protected":false},"excerpt":{"rendered":"","protected":false},"author":1,"featured_media":0,"parent":5944,"menu_order":0,"comment_status":"closed","ping_status":"closed","template":"","meta":{"pgc_sgb_lightbox_settings":""},"yoast_head":"<!-- This site is optimized with the Yoast SEO plugin v17.9 - https:\/\/yoast.com\/wordpress\/plugins\/seo\/ -->\n<title>Introducere general\u0103 - Prim\u0103ria Ora\u015fului Negru Vod\u0103<\/title>\n<meta name=\"robots\" content=\"index, follow, max-snippet:-1, max-image-preview:large, max-video-preview:-1\" \/>\n<link rel=\"canonical\" href=\"https:\/\/primaria-negruvoda.ro\/index.php\/proiecte\/programul-regional-sud-est-2021-2027\/introducere-generala\/\" \/>\n<meta property=\"og:locale\" content=\"ro_RO\" \/>\n<meta property=\"og:type\" content=\"article\" \/>\n<meta property=\"og:title\" content=\"Introducere general\u0103 - Prim\u0103ria Ora\u015fului Negru Vod\u0103\" \/>\n<meta property=\"og:url\" content=\"https:\/\/primaria-negruvoda.ro\/index.php\/proiecte\/programul-regional-sud-est-2021-2027\/introducere-generala\/\" \/>\n<meta property=\"og:site_name\" content=\"Prim\u0103ria Ora\u015fului Negru Vod\u0103\" \/>\n<meta name=\"twitter:card\" content=\"summary_large_image\" \/>\n<script type=\"application\/ld+json\" class=\"yoast-schema-graph\">{\"@context\":\"https:\/\/schema.org\",\"@graph\":[{\"@type\":\"Organization\",\"@id\":\"https:\/\/primaria-negruvoda.ro\/#organization\",\"name\":\"Prim\\u0103ria Negru Vod\\u0103\",\"url\":\"https:\/\/primaria-negruvoda.ro\/\",\"sameAs\":[],\"logo\":{\"@type\":\"ImageObject\",\"@id\":\"https:\/\/primaria-negruvoda.ro\/#logo\",\"inLanguage\":\"ro-RO\",\"url\":\"https:\/\/primaria-negruvoda.ro\/wp-content\/uploads\/2019\/09\/NV-emblema.png\",\"contentUrl\":\"https:\/\/primaria-negruvoda.ro\/wp-content\/uploads\/2019\/09\/NV-emblema.png\",\"width\":61,\"height\":90,\"caption\":\"Prim\\u0103ria Negru Vod\\u0103\"},\"image\":{\"@id\":\"https:\/\/primaria-negruvoda.ro\/#logo\"}},{\"@type\":\"WebSite\",\"@id\":\"https:\/\/primaria-negruvoda.ro\/#website\",\"url\":\"https:\/\/primaria-negruvoda.ro\/\",\"name\":\"Prim\\u0103ria Negru Vod\\u0103\",\"description\":\"Situl oficial al Prim\\u0103riei Negru Vod\\u0103\",\"publisher\":{\"@id\":\"https:\/\/primaria-negruvoda.ro\/#organization\"},\"potentialAction\":[{\"@type\":\"SearchAction\",\"target\":{\"@type\":\"EntryPoint\",\"urlTemplate\":\"https:\/\/primaria-negruvoda.ro\/?s={search_term_string}\"},\"query-input\":\"required name=search_term_string\"}],\"inLanguage\":\"ro-RO\"},{\"@type\":\"WebPage\",\"@id\":\"https:\/\/primaria-negruvoda.ro\/index.php\/proiecte\/programul-regional-sud-est-2021-2027\/introducere-generala\/#webpage\",\"url\":\"https:\/\/primaria-negruvoda.ro\/index.php\/proiecte\/programul-regional-sud-est-2021-2027\/introducere-generala\/\",\"name\":\"Introducere general\\u0103 - Prim\\u0103ria Ora\\u015fului Negru Vod\\u0103\",\"isPartOf\":{\"@id\":\"https:\/\/primaria-negruvoda.ro\/#website\"},\"datePublished\":\"2025-04-17T11:31:34+00:00\",\"dateModified\":\"2025-04-17T11:31:34+00:00\",\"breadcrumb\":{\"@id\":\"https:\/\/primaria-negruvoda.ro\/index.php\/proiecte\/programul-regional-sud-est-2021-2027\/introducere-generala\/#breadcrumb\"},\"inLanguage\":\"ro-RO\",\"potentialAction\":[{\"@type\":\"ReadAction\",\"target\":[\"https:\/\/primaria-negruvoda.ro\/index.php\/proiecte\/programul-regional-sud-est-2021-2027\/introducere-generala\/\"]}]},{\"@type\":\"BreadcrumbList\",\"@id\":\"https:\/\/primaria-negruvoda.ro\/index.php\/proiecte\/programul-regional-sud-est-2021-2027\/introducere-generala\/#breadcrumb\",\"itemListElement\":[{\"@type\":\"ListItem\",\"position\":1,\"name\":\"Prima pagin\\u0103\",\"item\":\"https:\/\/primaria-negruvoda.ro\/\"},{\"@type\":\"ListItem\",\"position\":2,\"name\":\"Proiecte\",\"item\":\"https:\/\/primaria-negruvoda.ro\/index.php\/proiecte\/\"},{\"@type\":\"ListItem\",\"position\":3,\"name\":\"Programul Regional Sud Est 2021-2027\",\"item\":\"https:\/\/primaria-negruvoda.ro\/index.php\/proiecte\/programul-regional-sud-est-2021-2027\/\"},{\"@type\":\"ListItem\",\"position\":4,\"name\":\"Introducere general\\u0103\"}]}]}<\/script>\n<!-- \/ Yoast SEO plugin. -->","yoast_head_json":{"title":"Introducere general\u0103 - Prim\u0103ria Ora\u015fului Negru Vod\u0103","robots":{"index":"index","follow":"follow","max-snippet":"max-snippet:-1","max-image-preview":"max-image-preview:large","max-video-preview":"max-video-preview:-1"},"canonical":"https:\/\/primaria-negruvoda.ro\/index.php\/proiecte\/programul-regional-sud-est-2021-2027\/introducere-generala\/","og_locale":"ro_RO","og_type":"article","og_title":"Introducere general\u0103 - Prim\u0103ria Ora\u015fului Negru Vod\u0103","og_url":"https:\/\/primaria-negruvoda.ro\/index.php\/proiecte\/programul-regional-sud-est-2021-2027\/introducere-generala\/","og_site_name":"Prim\u0103ria Ora\u015fului Negru Vod\u0103","twitter_card":"summary_large_image","schema":{"@context":"https:\/\/schema.org","@graph":[{"@type":"Organization","@id":"https:\/\/primaria-negruvoda.ro\/#organization","name":"Prim\u0103ria Negru Vod\u0103","url":"https:\/\/primaria-negruvoda.ro\/","sameAs":[],"logo":{"@type":"ImageObject","@id":"https:\/\/primaria-negruvoda.ro\/#logo","inLanguage":"ro-RO","url":"https:\/\/primaria-negruvoda.ro\/wp-content\/uploads\/2019\/09\/NV-emblema.png","contentUrl":"https:\/\/primaria-negruvoda.ro\/wp-content\/uploads\/2019\/09\/NV-emblema.png","width":61,"height":90,"caption":"Prim\u0103ria Negru Vod\u0103"},"image":{"@id":"https:\/\/primaria-negruvoda.ro\/#logo"}},{"@type":"WebSite","@id":"https:\/\/primaria-negruvoda.ro\/#website","url":"https:\/\/primaria-negruvoda.ro\/","name":"Prim\u0103ria Negru Vod\u0103","description":"Situl oficial al Prim\u0103riei Negru Vod\u0103","publisher":{"@id":"https:\/\/primaria-negruvoda.ro\/#organization"},"potentialAction":[{"@type":"SearchAction","target":{"@type":"EntryPoint","urlTemplate":"https:\/\/primaria-negruvoda.ro\/?s={search_term_string}"},"query-input":"required name=search_term_string"}],"inLanguage":"ro-RO"},{"@type":"WebPage","@id":"https:\/\/primaria-negruvoda.ro\/index.php\/proiecte\/programul-regional-sud-est-2021-2027\/introducere-generala\/#webpage","url":"https:\/\/primaria-negruvoda.ro\/index.php\/proiecte\/programul-regional-sud-est-2021-2027\/introducere-generala\/","name":"Introducere general\u0103 - Prim\u0103ria Ora\u015fului Negru Vod\u0103","isPartOf":{"@id":"https:\/\/primaria-negruvoda.ro\/#website"},"datePublished":"2025-04-17T11:31:34+00:00","dateModified":"2025-04-17T11:31:34+00:00","breadcrumb":{"@id":"https:\/\/primaria-negruvoda.ro\/index.php\/proiecte\/programul-regional-sud-est-2021-2027\/introducere-generala\/#breadcrumb"},"inLanguage":"ro-RO","potentialAction":[{"@type":"ReadAction","target":["https:\/\/primaria-negruvoda.ro\/index.php\/proiecte\/programul-regional-sud-est-2021-2027\/introducere-generala\/"]}]},{"@type":"BreadcrumbList","@id":"https:\/\/primaria-negruvoda.ro\/index.php\/proiecte\/programul-regional-sud-est-2021-2027\/introducere-generala\/#breadcrumb","itemListElement":[{"@type":"ListItem","position":1,"name":"Prima pagin\u0103","item":"https:\/\/primaria-negruvoda.ro\/"},{"@type":"ListItem","position":2,"name":"Proiecte","item":"https:\/\/primaria-negruvoda.ro\/index.php\/proiecte\/"},{"@type":"ListItem","position":3,"name":"Programul Regional Sud Est 2021-2027","item":"https:\/\/primaria-negruvoda.ro\/index.php\/proiecte\/programul-regional-sud-est-2021-2027\/"},{"@type":"ListItem","position":4,"name":"Introducere general\u0103"}]}]}},"featured_image_src":null,"featured_image_src_square":null,"_links":{"self":[{"href":"https:\/\/primaria-negruvoda.ro\/index.php\/wp-json\/wp\/v2\/pages\/5947"}],"collection":[{"href":"https:\/\/primaria-negruvoda.ro\/index.php\/wp-json\/wp\/v2\/pages"}],"about":[{"href":"https:\/\/primaria-negruvoda.ro\/index.php\/wp-json\/wp\/v2\/types\/page"}],"author":[{"embeddable":true,"href":"https:\/\/primaria-negruvoda.ro\/index.php\/wp-json\/wp\/v2\/users\/1"}],"replies":[{"embeddable":true,"href":"https:\/\/primaria-negruvoda.ro\/index.php\/wp-json\/wp\/v2\/comments?post=5947"}],"version-history":[{"count":1,"href":"https:\/\/primaria-negruvoda.ro\/index.php\/wp-json\/wp\/v2\/pages\/5947\/revisions"}],"predecessor-version":[{"id":5948,"href":"https:\/\/primaria-negruvoda.ro\/index.php\/wp-json\/wp\/v2\/pages\/5947\/revisions\/5948"}],"up":[{"embeddable":true,"href":"https:\/\/primaria-negruvoda.ro\/index.php\/wp-json\/wp\/v2\/pages\/5944"}],"wp:attachment":[{"href":"https:\/\/primaria-negruvoda.ro\/index.php\/wp-json\/wp\/v2\/media?parent=5947"}],"curies":[{"name":"wp","href":"https:\/\/api.w.org\/{rel}","templated":true}]}}