{"id":5944,"date":"2025-04-17T13:28:20","date_gmt":"2025-04-17T11:28:20","guid":{"rendered":"https:\/\/primaria-negruvoda.ro\/?page_id=5944"},"modified":"2025-04-17T14:05:16","modified_gmt":"2025-04-17T12:05:16","slug":"programul-regional-sud-est-2021-2027","status":"publish","type":"page","link":"https:\/\/primaria-negruvoda.ro\/index.php\/proiecte\/programul-regional-sud-est-2021-2027\/","title":{"rendered":"Programul Regional Sud Est 2021-2027"},"content":{"rendered":"\n<figure class=\"wp-block-embed is-type-wp-embed is-provider-primaria-orasului-negru-voda wp-block-embed-primaria-orasului-negru-voda\"><div class=\"wp-block-embed__wrapper\">\n<blockquote class=\"wp-embedded-content\" data-secret=\"05PozAx299\"><a href=\"https:\/\/primaria-negruvoda.ro\/index.php\/proiecte\/programul-regional-sud-est-2021-2027\/introducere-generala\/\">Introducere general\u0103<\/a><\/blockquote><iframe class=\"wp-embedded-content\" sandbox=\"allow-scripts\" security=\"restricted\" style=\"position: absolute; clip: rect(1px, 1px, 1px, 1px);\" title=\"&#8222;Introducere general\u0103&#8221; &#8211; Prim\u0103ria Ora\u015fului Negru Vod\u0103\" src=\"https:\/\/primaria-negruvoda.ro\/index.php\/proiecte\/programul-regional-sud-est-2021-2027\/introducere-generala\/embed\/#?secret=05PozAx299\" data-secret=\"05PozAx299\" width=\"600\" height=\"338\" frameborder=\"0\" marginwidth=\"0\" marginheight=\"0\" scrolling=\"no\"><\/iframe>\n<\/div><\/figure>\n\n\n\n<figure class=\"wp-block-embed is-type-wp-embed is-provider-primaria-orasului-negru-voda wp-block-embed-primaria-orasului-negru-voda\"><div class=\"wp-block-embed__wrapper\">\n<blockquote class=\"wp-embedded-content\" data-secret=\"5Ph6NZCrib\"><a href=\"https:\/\/primaria-negruvoda.ro\/index.php\/proiecte\/programul-regional-sud-est-2021-2027\/proiecte-in-implementare\/\">Proiecte \u00een implementare<\/a><\/blockquote><iframe class=\"wp-embedded-content\" sandbox=\"allow-scripts\" security=\"restricted\" style=\"position: absolute; clip: rect(1px, 1px, 1px, 1px);\" title=\"&#8222;Proiecte \u00een implementare&#8221; &#8211; Prim\u0103ria Ora\u015fului Negru Vod\u0103\" src=\"https:\/\/primaria-negruvoda.ro\/index.php\/proiecte\/programul-regional-sud-est-2021-2027\/proiecte-in-implementare\/embed\/#?secret=5Ph6NZCrib\" data-secret=\"5Ph6NZCrib\" width=\"600\" height=\"338\" frameborder=\"0\" marginwidth=\"0\" marginheight=\"0\" scrolling=\"no\"><\/iframe>\n<\/div><\/figure>\n\n\n\n<figure class=\"wp-block-embed is-type-wp-embed is-provider-primaria-orasului-negru-voda wp-block-embed-primaria-orasului-negru-voda\"><div class=\"wp-block-embed__wrapper\">\n<blockquote class=\"wp-embedded-content\" data-secret=\"EGHttLVDYY\"><a href=\"https:\/\/primaria-negruvoda.ro\/index.php\/proiecte\/programul-regional-sud-est-2021-2027\/documente-utile\/\">Documente utile<\/a><\/blockquote><iframe class=\"wp-embedded-content\" sandbox=\"allow-scripts\" security=\"restricted\" style=\"position: absolute; clip: rect(1px, 1px, 1px, 1px);\" title=\"&#8222;Documente utile&#8221; &#8211; Prim\u0103ria Ora\u015fului Negru Vod\u0103\" src=\"https:\/\/primaria-negruvoda.ro\/index.php\/proiecte\/programul-regional-sud-est-2021-2027\/documente-utile\/embed\/#?secret=EGHttLVDYY\" data-secret=\"EGHttLVDYY\" width=\"600\" height=\"338\" frameborder=\"0\" marginwidth=\"0\" marginheight=\"0\" scrolling=\"no\"><\/iframe>\n<\/div><\/figure>\n\n\n\n<figure class=\"wp-block-embed is-type-wp-embed is-provider-primaria-orasului-negru-voda wp-block-embed-primaria-orasului-negru-voda\"><div class=\"wp-block-embed__wrapper\">\n<blockquote class=\"wp-embedded-content\" data-secret=\"WVncLP9m4j\"><a href=\"https:\/\/primaria-negruvoda.ro\/index.php\/proiecte\/programul-regional-sud-est-2021-2027\/identitate-vizuala-si-transparenta\/\">Identitate vizual\u0103 \u0219i transparen\u021b\u0103<\/a><\/blockquote><iframe class=\"wp-embedded-content\" sandbox=\"allow-scripts\" security=\"restricted\" style=\"position: absolute; clip: rect(1px, 1px, 1px, 1px);\" title=\"&#8222;Identitate vizual\u0103 \u0219i transparen\u021b\u0103&#8221; &#8211; Prim\u0103ria Ora\u015fului Negru Vod\u0103\" src=\"https:\/\/primaria-negruvoda.ro\/index.php\/proiecte\/programul-regional-sud-est-2021-2027\/identitate-vizuala-si-transparenta\/embed\/#?secret=WVncLP9m4j\" data-secret=\"WVncLP9m4j\" width=\"600\" height=\"338\" frameborder=\"0\" marginwidth=\"0\" marginheight=\"0\" scrolling=\"no\"><\/iframe>\n<\/div><\/figure>\n\n\n\n<figure class=\"wp-block-embed is-type-wp-embed is-provider-primaria-orasului-negru-voda wp-block-embed-primaria-orasului-negru-voda\"><div class=\"wp-block-embed__wrapper\">\n<blockquote class=\"wp-embedded-content\" data-secret=\"RFJSbqBr8u\"><a href=\"https:\/\/primaria-negruvoda.ro\/index.php\/proiecte\/programul-regional-sud-est-2021-2027\/contact-si-intrebari-frecvente\/\">Contact \u0219i \u00eentreb\u0103ri frecvente<\/a><\/blockquote><iframe class=\"wp-embedded-content\" sandbox=\"allow-scripts\" security=\"restricted\" style=\"position: absolute; clip: rect(1px, 1px, 1px, 1px);\" title=\"&#8222;Contact \u0219i \u00eentreb\u0103ri frecvente&#8221; &#8211; Prim\u0103ria Ora\u015fului Negru Vod\u0103\" src=\"https:\/\/primaria-negruvoda.ro\/index.php\/proiecte\/programul-regional-sud-est-2021-2027\/contact-si-intrebari-frecvente\/embed\/#?secret=RFJSbqBr8u\" data-secret=\"RFJSbqBr8u\" width=\"600\" height=\"338\" frameborder=\"0\" marginwidth=\"0\" marginheight=\"0\" scrolling=\"no\"><\/iframe>\n<\/div><\/figure>\n","protected":false},"excerpt":{"rendered":"","protected":false},"author":1,"featured_media":0,"parent":5938,"menu_order":0,"comment_status":"closed","ping_status":"closed","template":"","meta":{"pgc_sgb_lightbox_settings":""},"yoast_head":"<!-- This site is optimized with the Yoast SEO plugin v17.9 - https:\/\/yoast.com\/wordpress\/plugins\/seo\/ -->\n<title>Programul Regional Sud Est 2021-2027 - Prim\u0103ria Ora\u015fului Negru Vod\u0103<\/title>\n<meta name=\"robots\" content=\"index, follow, max-snippet:-1, max-image-preview:large, max-video-preview:-1\" \/>\n<link rel=\"canonical\" href=\"https:\/\/primaria-negruvoda.ro\/index.php\/proiecte\/programul-regional-sud-est-2021-2027\/\" \/>\n<meta property=\"og:locale\" content=\"ro_RO\" \/>\n<meta property=\"og:type\" content=\"article\" \/>\n<meta property=\"og:title\" content=\"Programul Regional Sud Est 2021-2027 - Prim\u0103ria Ora\u015fului Negru Vod\u0103\" \/>\n<meta property=\"og:url\" content=\"https:\/\/primaria-negruvoda.ro\/index.php\/proiecte\/programul-regional-sud-est-2021-2027\/\" \/>\n<meta property=\"og:site_name\" content=\"Prim\u0103ria Ora\u015fului Negru Vod\u0103\" \/>\n<meta property=\"article:modified_time\" content=\"2025-04-17T12:05:16+00:00\" \/>\n<meta name=\"twitter:card\" content=\"summary_large_image\" \/>\n<meta name=\"twitter:label1\" content=\"Timp estimat pentru citire\" \/>\n\t<meta name=\"twitter:data1\" content=\"1 minut\" \/>\n<script type=\"application\/ld+json\" class=\"yoast-schema-graph\">{\"@context\":\"https:\/\/schema.org\",\"@graph\":[{\"@type\":\"Organization\",\"@id\":\"https:\/\/primaria-negruvoda.ro\/#organization\",\"name\":\"Prim\\u0103ria Negru Vod\\u0103\",\"url\":\"https:\/\/primaria-negruvoda.ro\/\",\"sameAs\":[],\"logo\":{\"@type\":\"ImageObject\",\"@id\":\"https:\/\/primaria-negruvoda.ro\/#logo\",\"inLanguage\":\"ro-RO\",\"url\":\"https:\/\/primaria-negruvoda.ro\/wp-content\/uploads\/2019\/09\/NV-emblema.png\",\"contentUrl\":\"https:\/\/primaria-negruvoda.ro\/wp-content\/uploads\/2019\/09\/NV-emblema.png\",\"width\":61,\"height\":90,\"caption\":\"Prim\\u0103ria Negru Vod\\u0103\"},\"image\":{\"@id\":\"https:\/\/primaria-negruvoda.ro\/#logo\"}},{\"@type\":\"WebSite\",\"@id\":\"https:\/\/primaria-negruvoda.ro\/#website\",\"url\":\"https:\/\/primaria-negruvoda.ro\/\",\"name\":\"Prim\\u0103ria Negru Vod\\u0103\",\"description\":\"Situl oficial al Prim\\u0103riei Negru Vod\\u0103\",\"publisher\":{\"@id\":\"https:\/\/primaria-negruvoda.ro\/#organization\"},\"potentialAction\":[{\"@type\":\"SearchAction\",\"target\":{\"@type\":\"EntryPoint\",\"urlTemplate\":\"https:\/\/primaria-negruvoda.ro\/?s={search_term_string}\"},\"query-input\":\"required name=search_term_string\"}],\"inLanguage\":\"ro-RO\"},{\"@type\":\"WebPage\",\"@id\":\"https:\/\/primaria-negruvoda.ro\/index.php\/proiecte\/programul-regional-sud-est-2021-2027\/#webpage\",\"url\":\"https:\/\/primaria-negruvoda.ro\/index.php\/proiecte\/programul-regional-sud-est-2021-2027\/\",\"name\":\"Programul Regional Sud Est 2021-2027 - Prim\\u0103ria Ora\\u015fului Negru Vod\\u0103\",\"isPartOf\":{\"@id\":\"https:\/\/primaria-negruvoda.ro\/#website\"},\"datePublished\":\"2025-04-17T11:28:20+00:00\",\"dateModified\":\"2025-04-17T12:05:16+00:00\",\"breadcrumb\":{\"@id\":\"https:\/\/primaria-negruvoda.ro\/index.php\/proiecte\/programul-regional-sud-est-2021-2027\/#breadcrumb\"},\"inLanguage\":\"ro-RO\",\"potentialAction\":[{\"@type\":\"ReadAction\",\"target\":[\"https:\/\/primaria-negruvoda.ro\/index.php\/proiecte\/programul-regional-sud-est-2021-2027\/\"]}]},{\"@type\":\"BreadcrumbList\",\"@id\":\"https:\/\/primaria-negruvoda.ro\/index.php\/proiecte\/programul-regional-sud-est-2021-2027\/#breadcrumb\",\"itemListElement\":[{\"@type\":\"ListItem\",\"position\":1,\"name\":\"Prima pagin\\u0103\",\"item\":\"https:\/\/primaria-negruvoda.ro\/\"},{\"@type\":\"ListItem\",\"position\":2,\"name\":\"Proiecte\",\"item\":\"https:\/\/primaria-negruvoda.ro\/index.php\/proiecte\/\"},{\"@type\":\"ListItem\",\"position\":3,\"name\":\"Programul Regional Sud Est 2021-2027\"}]}]}<\/script>\n<!-- \/ Yoast SEO plugin. -->","yoast_head_json":{"title":"Programul Regional Sud Est 2021-2027 - Prim\u0103ria Ora\u015fului Negru Vod\u0103","robots":{"index":"index","follow":"follow","max-snippet":"max-snippet:-1","max-image-preview":"max-image-preview:large","max-video-preview":"max-video-preview:-1"},"canonical":"https:\/\/primaria-negruvoda.ro\/index.php\/proiecte\/programul-regional-sud-est-2021-2027\/","og_locale":"ro_RO","og_type":"article","og_title":"Programul Regional Sud Est 2021-2027 - Prim\u0103ria Ora\u015fului Negru Vod\u0103","og_url":"https:\/\/primaria-negruvoda.ro\/index.php\/proiecte\/programul-regional-sud-est-2021-2027\/","og_site_name":"Prim\u0103ria Ora\u015fului Negru Vod\u0103","article_modified_time":"2025-04-17T12:05:16+00:00","twitter_card":"summary_large_image","twitter_misc":{"Timp estimat pentru citire":"1 minut"},"schema":{"@context":"https:\/\/schema.org","@graph":[{"@type":"Organization","@id":"https:\/\/primaria-negruvoda.ro\/#organization","name":"Prim\u0103ria Negru Vod\u0103","url":"https:\/\/primaria-negruvoda.ro\/","sameAs":[],"logo":{"@type":"ImageObject","@id":"https:\/\/primaria-negruvoda.ro\/#logo","inLanguage":"ro-RO","url":"https:\/\/primaria-negruvoda.ro\/wp-content\/uploads\/2019\/09\/NV-emblema.png","contentUrl":"https:\/\/primaria-negruvoda.ro\/wp-content\/uploads\/2019\/09\/NV-emblema.png","width":61,"height":90,"caption":"Prim\u0103ria Negru Vod\u0103"},"image":{"@id":"https:\/\/primaria-negruvoda.ro\/#logo"}},{"@type":"WebSite","@id":"https:\/\/primaria-negruvoda.ro\/#website","url":"https:\/\/primaria-negruvoda.ro\/","name":"Prim\u0103ria Negru Vod\u0103","description":"Situl oficial al Prim\u0103riei Negru Vod\u0103","publisher":{"@id":"https:\/\/primaria-negruvoda.ro\/#organization"},"potentialAction":[{"@type":"SearchAction","target":{"@type":"EntryPoint","urlTemplate":"https:\/\/primaria-negruvoda.ro\/?s={search_term_string}"},"query-input":"required name=search_term_string"}],"inLanguage":"ro-RO"},{"@type":"WebPage","@id":"https:\/\/primaria-negruvoda.ro\/index.php\/proiecte\/programul-regional-sud-est-2021-2027\/#webpage","url":"https:\/\/primaria-negruvoda.ro\/index.php\/proiecte\/programul-regional-sud-est-2021-2027\/","name":"Programul Regional Sud Est 2021-2027 - Prim\u0103ria Ora\u015fului Negru Vod\u0103","isPartOf":{"@id":"https:\/\/primaria-negruvoda.ro\/#website"},"datePublished":"2025-04-17T11:28:20+00:00","dateModified":"2025-04-17T12:05:16+00:00","breadcrumb":{"@id":"https:\/\/primaria-negruvoda.ro\/index.php\/proiecte\/programul-regional-sud-est-2021-2027\/#breadcrumb"},"inLanguage":"ro-RO","potentialAction":[{"@type":"ReadAction","target":["https:\/\/primaria-negruvoda.ro\/index.php\/proiecte\/programul-regional-sud-est-2021-2027\/"]}]},{"@type":"BreadcrumbList","@id":"https:\/\/primaria-negruvoda.ro\/index.php\/proiecte\/programul-regional-sud-est-2021-2027\/#breadcrumb","itemListElement":[{"@type":"ListItem","position":1,"name":"Prima pagin\u0103","item":"https:\/\/primaria-negruvoda.ro\/"},{"@type":"ListItem","position":2,"name":"Proiecte","item":"https:\/\/primaria-negruvoda.ro\/index.php\/proiecte\/"},{"@type":"ListItem","position":3,"name":"Programul Regional Sud Est 2021-2027"}]}]}},"featured_image_src":null,"featured_image_src_square":null,"_links":{"self":[{"href":"https:\/\/primaria-negruvoda.ro\/index.php\/wp-json\/wp\/v2\/pages\/5944"}],"collection":[{"href":"https:\/\/primaria-negruvoda.ro\/index.php\/wp-json\/wp\/v2\/pages"}],"about":[{"href":"https:\/\/primaria-negruvoda.ro\/index.php\/wp-json\/wp\/v2\/types\/page"}],"author":[{"embeddable":true,"href":"https:\/\/primaria-negruvoda.ro\/index.php\/wp-json\/wp\/v2\/users\/1"}],"replies":[{"embeddable":true,"href":"https:\/\/primaria-negruvoda.ro\/index.php\/wp-json\/wp\/v2\/comments?post=5944"}],"version-history":[{"count":4,"href":"https:\/\/primaria-negruvoda.ro\/index.php\/wp-json\/wp\/v2\/pages\/5944\/revisions"}],"predecessor-version":[{"id":5976,"href":"https:\/\/primaria-negruvoda.ro\/index.php\/wp-json\/wp\/v2\/pages\/5944\/revisions\/5976"}],"up":[{"embeddable":true,"href":"https:\/\/primaria-negruvoda.ro\/index.php\/wp-json\/wp\/v2\/pages\/5938"}],"wp:attachment":[{"href":"https:\/\/primaria-negruvoda.ro\/index.php\/wp-json\/wp\/v2\/media?parent=5944"}],"curies":[{"name":"wp","href":"https:\/\/api.w.org\/{rel}","templated":true}]}}