{"id":5843,"date":"2025-03-02T11:55:56","date_gmt":"2025-03-02T09:55:56","guid":{"rendered":"https:\/\/primaria-negruvoda.ro\/?page_id=5843"},"modified":"2025-03-02T11:55:56","modified_gmt":"2025-03-02T09:55:56","slug":"obiective-specifice-ale-proiectului","status":"publish","type":"page","link":"https:\/\/primaria-negruvoda.ro\/index.php\/proiecte\/fondul-pentru-modernizare-negru-voda\/obiective-specifice-ale-proiectului\/","title":{"rendered":"Obiective specifice ale proiectului"},"content":{"rendered":"\n<h2>Obiective specifice ale proiectului:<\/h2>\n\n\n\n<p>OS 1-Realizarea unei noi capacitati de producere energie electrica din surse solare. Pentru<br>indeplinirea obiectivului specific se doreste construirea unui parc fotovoltaic cu capacitatea de<br>350Kwp = 0,35 Mw, ce va avea ca rezultate urmatoarele:<\/p>\n\n\n\n<ul><li>imbunatirea calitatii mediului inconjurator;<\/li><\/ul>\n\n\n\n<ul><li>utilizarea eficienta si rationala a resurselor energetic primare, &#8211; producerea de energie electrica<br>produsa din surse regenerabile si atingerea standardelor de mediu prin diminiuarea poluarii.<\/li><\/ul>\n","protected":false},"excerpt":{"rendered":"<p>Obiective specifice ale proiectului: OS 1-Realizarea unei noi capacitati de producere energie electrica din surse solare. Pentruindeplinirea obiectivului specific se doreste construirea unui parc fotovoltaic [&hellip;]<\/p>\n","protected":false},"author":1,"featured_media":0,"parent":5831,"menu_order":5,"comment_status":"closed","ping_status":"closed","template":"","meta":{"pgc_sgb_lightbox_settings":""},"yoast_head":"<!-- This site is optimized with the Yoast SEO plugin v17.9 - https:\/\/yoast.com\/wordpress\/plugins\/seo\/ -->\n<title>Obiective specifice ale proiectului - Prim\u0103ria Ora\u015fului Negru Vod\u0103<\/title>\n<meta name=\"robots\" content=\"index, follow, max-snippet:-1, max-image-preview:large, max-video-preview:-1\" \/>\n<link rel=\"canonical\" href=\"https:\/\/primaria-negruvoda.ro\/index.php\/proiecte\/fondul-pentru-modernizare-negru-voda\/obiective-specifice-ale-proiectului\/\" \/>\n<meta property=\"og:locale\" content=\"ro_RO\" \/>\n<meta property=\"og:type\" content=\"article\" \/>\n<meta property=\"og:title\" content=\"Obiective specifice ale proiectului - Prim\u0103ria Ora\u015fului Negru Vod\u0103\" \/>\n<meta property=\"og:description\" content=\"Obiective specifice ale proiectului: OS 1-Realizarea unei noi capacitati de producere energie electrica din surse solare. Pentruindeplinirea obiectivului specific se doreste construirea unui parc fotovoltaic [&hellip;]\" \/>\n<meta property=\"og:url\" content=\"https:\/\/primaria-negruvoda.ro\/index.php\/proiecte\/fondul-pentru-modernizare-negru-voda\/obiective-specifice-ale-proiectului\/\" \/>\n<meta property=\"og:site_name\" content=\"Prim\u0103ria Ora\u015fului Negru Vod\u0103\" \/>\n<meta name=\"twitter:card\" content=\"summary_large_image\" \/>\n<meta name=\"twitter:label1\" content=\"Timp estimat pentru citire\" \/>\n\t<meta name=\"twitter:data1\" content=\"1 minut\" \/>\n<script type=\"application\/ld+json\" class=\"yoast-schema-graph\">{\"@context\":\"https:\/\/schema.org\",\"@graph\":[{\"@type\":\"Organization\",\"@id\":\"https:\/\/primaria-negruvoda.ro\/#organization\",\"name\":\"Prim\\u0103ria Negru Vod\\u0103\",\"url\":\"https:\/\/primaria-negruvoda.ro\/\",\"sameAs\":[],\"logo\":{\"@type\":\"ImageObject\",\"@id\":\"https:\/\/primaria-negruvoda.ro\/#logo\",\"inLanguage\":\"ro-RO\",\"url\":\"https:\/\/primaria-negruvoda.ro\/wp-content\/uploads\/2019\/09\/NV-emblema.png\",\"contentUrl\":\"https:\/\/primaria-negruvoda.ro\/wp-content\/uploads\/2019\/09\/NV-emblema.png\",\"width\":61,\"height\":90,\"caption\":\"Prim\\u0103ria Negru Vod\\u0103\"},\"image\":{\"@id\":\"https:\/\/primaria-negruvoda.ro\/#logo\"}},{\"@type\":\"WebSite\",\"@id\":\"https:\/\/primaria-negruvoda.ro\/#website\",\"url\":\"https:\/\/primaria-negruvoda.ro\/\",\"name\":\"Prim\\u0103ria Negru Vod\\u0103\",\"description\":\"Situl oficial al Prim\\u0103riei Negru Vod\\u0103\",\"publisher\":{\"@id\":\"https:\/\/primaria-negruvoda.ro\/#organization\"},\"potentialAction\":[{\"@type\":\"SearchAction\",\"target\":{\"@type\":\"EntryPoint\",\"urlTemplate\":\"https:\/\/primaria-negruvoda.ro\/?s={search_term_string}\"},\"query-input\":\"required name=search_term_string\"}],\"inLanguage\":\"ro-RO\"},{\"@type\":\"WebPage\",\"@id\":\"https:\/\/primaria-negruvoda.ro\/index.php\/proiecte\/fondul-pentru-modernizare-negru-voda\/obiective-specifice-ale-proiectului\/#webpage\",\"url\":\"https:\/\/primaria-negruvoda.ro\/index.php\/proiecte\/fondul-pentru-modernizare-negru-voda\/obiective-specifice-ale-proiectului\/\",\"name\":\"Obiective specifice ale proiectului - Prim\\u0103ria Ora\\u015fului Negru Vod\\u0103\",\"isPartOf\":{\"@id\":\"https:\/\/primaria-negruvoda.ro\/#website\"},\"datePublished\":\"2025-03-02T09:55:56+00:00\",\"dateModified\":\"2025-03-02T09:55:56+00:00\",\"breadcrumb\":{\"@id\":\"https:\/\/primaria-negruvoda.ro\/index.php\/proiecte\/fondul-pentru-modernizare-negru-voda\/obiective-specifice-ale-proiectului\/#breadcrumb\"},\"inLanguage\":\"ro-RO\",\"potentialAction\":[{\"@type\":\"ReadAction\",\"target\":[\"https:\/\/primaria-negruvoda.ro\/index.php\/proiecte\/fondul-pentru-modernizare-negru-voda\/obiective-specifice-ale-proiectului\/\"]}]},{\"@type\":\"BreadcrumbList\",\"@id\":\"https:\/\/primaria-negruvoda.ro\/index.php\/proiecte\/fondul-pentru-modernizare-negru-voda\/obiective-specifice-ale-proiectului\/#breadcrumb\",\"itemListElement\":[{\"@type\":\"ListItem\",\"position\":1,\"name\":\"Prima pagin\\u0103\",\"item\":\"https:\/\/primaria-negruvoda.ro\/\"},{\"@type\":\"ListItem\",\"position\":2,\"name\":\"Proiecte\",\"item\":\"https:\/\/primaria-negruvoda.ro\/index.php\/proiecte\/\"},{\"@type\":\"ListItem\",\"position\":3,\"name\":\"Fondul pentru modernizare\",\"item\":\"https:\/\/primaria-negruvoda.ro\/index.php\/proiecte\/fondul-pentru-modernizare-negru-voda\/\"},{\"@type\":\"ListItem\",\"position\":4,\"name\":\"Obiective specifice ale proiectului\"}]}]}<\/script>\n<!-- \/ Yoast SEO plugin. -->","yoast_head_json":{"title":"Obiective specifice ale proiectului - Prim\u0103ria Ora\u015fului Negru Vod\u0103","robots":{"index":"index","follow":"follow","max-snippet":"max-snippet:-1","max-image-preview":"max-image-preview:large","max-video-preview":"max-video-preview:-1"},"canonical":"https:\/\/primaria-negruvoda.ro\/index.php\/proiecte\/fondul-pentru-modernizare-negru-voda\/obiective-specifice-ale-proiectului\/","og_locale":"ro_RO","og_type":"article","og_title":"Obiective specifice ale proiectului - Prim\u0103ria Ora\u015fului Negru Vod\u0103","og_description":"Obiective specifice ale proiectului: OS 1-Realizarea unei noi capacitati de producere energie electrica din surse solare. Pentruindeplinirea obiectivului specific se doreste construirea unui parc fotovoltaic [&hellip;]","og_url":"https:\/\/primaria-negruvoda.ro\/index.php\/proiecte\/fondul-pentru-modernizare-negru-voda\/obiective-specifice-ale-proiectului\/","og_site_name":"Prim\u0103ria Ora\u015fului Negru Vod\u0103","twitter_card":"summary_large_image","twitter_misc":{"Timp estimat pentru citire":"1 minut"},"schema":{"@context":"https:\/\/schema.org","@graph":[{"@type":"Organization","@id":"https:\/\/primaria-negruvoda.ro\/#organization","name":"Prim\u0103ria Negru Vod\u0103","url":"https:\/\/primaria-negruvoda.ro\/","sameAs":[],"logo":{"@type":"ImageObject","@id":"https:\/\/primaria-negruvoda.ro\/#logo","inLanguage":"ro-RO","url":"https:\/\/primaria-negruvoda.ro\/wp-content\/uploads\/2019\/09\/NV-emblema.png","contentUrl":"https:\/\/primaria-negruvoda.ro\/wp-content\/uploads\/2019\/09\/NV-emblema.png","width":61,"height":90,"caption":"Prim\u0103ria Negru Vod\u0103"},"image":{"@id":"https:\/\/primaria-negruvoda.ro\/#logo"}},{"@type":"WebSite","@id":"https:\/\/primaria-negruvoda.ro\/#website","url":"https:\/\/primaria-negruvoda.ro\/","name":"Prim\u0103ria Negru Vod\u0103","description":"Situl oficial al Prim\u0103riei Negru Vod\u0103","publisher":{"@id":"https:\/\/primaria-negruvoda.ro\/#organization"},"potentialAction":[{"@type":"SearchAction","target":{"@type":"EntryPoint","urlTemplate":"https:\/\/primaria-negruvoda.ro\/?s={search_term_string}"},"query-input":"required name=search_term_string"}],"inLanguage":"ro-RO"},{"@type":"WebPage","@id":"https:\/\/primaria-negruvoda.ro\/index.php\/proiecte\/fondul-pentru-modernizare-negru-voda\/obiective-specifice-ale-proiectului\/#webpage","url":"https:\/\/primaria-negruvoda.ro\/index.php\/proiecte\/fondul-pentru-modernizare-negru-voda\/obiective-specifice-ale-proiectului\/","name":"Obiective specifice ale proiectului - Prim\u0103ria Ora\u015fului Negru Vod\u0103","isPartOf":{"@id":"https:\/\/primaria-negruvoda.ro\/#website"},"datePublished":"2025-03-02T09:55:56+00:00","dateModified":"2025-03-02T09:55:56+00:00","breadcrumb":{"@id":"https:\/\/primaria-negruvoda.ro\/index.php\/proiecte\/fondul-pentru-modernizare-negru-voda\/obiective-specifice-ale-proiectului\/#breadcrumb"},"inLanguage":"ro-RO","potentialAction":[{"@type":"ReadAction","target":["https:\/\/primaria-negruvoda.ro\/index.php\/proiecte\/fondul-pentru-modernizare-negru-voda\/obiective-specifice-ale-proiectului\/"]}]},{"@type":"BreadcrumbList","@id":"https:\/\/primaria-negruvoda.ro\/index.php\/proiecte\/fondul-pentru-modernizare-negru-voda\/obiective-specifice-ale-proiectului\/#breadcrumb","itemListElement":[{"@type":"ListItem","position":1,"name":"Prima pagin\u0103","item":"https:\/\/primaria-negruvoda.ro\/"},{"@type":"ListItem","position":2,"name":"Proiecte","item":"https:\/\/primaria-negruvoda.ro\/index.php\/proiecte\/"},{"@type":"ListItem","position":3,"name":"Fondul pentru modernizare","item":"https:\/\/primaria-negruvoda.ro\/index.php\/proiecte\/fondul-pentru-modernizare-negru-voda\/"},{"@type":"ListItem","position":4,"name":"Obiective specifice ale proiectului"}]}]}},"featured_image_src":null,"featured_image_src_square":null,"_links":{"self":[{"href":"https:\/\/primaria-negruvoda.ro\/index.php\/wp-json\/wp\/v2\/pages\/5843"}],"collection":[{"href":"https:\/\/primaria-negruvoda.ro\/index.php\/wp-json\/wp\/v2\/pages"}],"about":[{"href":"https:\/\/primaria-negruvoda.ro\/index.php\/wp-json\/wp\/v2\/types\/page"}],"author":[{"embeddable":true,"href":"https:\/\/primaria-negruvoda.ro\/index.php\/wp-json\/wp\/v2\/users\/1"}],"replies":[{"embeddable":true,"href":"https:\/\/primaria-negruvoda.ro\/index.php\/wp-json\/wp\/v2\/comments?post=5843"}],"version-history":[{"count":1,"href":"https:\/\/primaria-negruvoda.ro\/index.php\/wp-json\/wp\/v2\/pages\/5843\/revisions"}],"predecessor-version":[{"id":5844,"href":"https:\/\/primaria-negruvoda.ro\/index.php\/wp-json\/wp\/v2\/pages\/5843\/revisions\/5844"}],"up":[{"embeddable":true,"href":"https:\/\/primaria-negruvoda.ro\/index.php\/wp-json\/wp\/v2\/pages\/5831"}],"wp:attachment":[{"href":"https:\/\/primaria-negruvoda.ro\/index.php\/wp-json\/wp\/v2\/media?parent=5843"}],"curies":[{"name":"wp","href":"https:\/\/api.w.org\/{rel}","templated":true}]}}